{"id":842,"date":"2024-03-11T12:31:55","date_gmt":"2024-03-11T11:31:55","guid":{"rendered":"https:\/\/vinasvetimartin.si\/?page_id=842"},"modified":"2024-03-11T12:33:32","modified_gmt":"2024-03-11T11:33:32","slug":"darilni-bon","status":"publish","type":"page","link":"https:\/\/vinasvetimartin.si\/de\/darilni-bon\/","title":{"rendered":"GESCHENKGUTSCHEIN"},"content":{"rendered":"<p>[et_pb_section fb_built=&#8221;1&#8243; disabled_on=&#8221;off|off|off&#8221; admin_label=&#8221;Header&#8221; _builder_version=&#8221;4.21.0&#8243; _module_preset=&#8221;default&#8221; background_image=&#8221;https:\/\/vinasvetimartin.si\/wp-content\/uploads\/2023\/07\/Sveti-Martin-degustacijska-1-scaled.jpg&#8221; transform_scale=&#8221;120%|120%&#8221; transform_scale_tablet=&#8221;120%|120%&#8221; transform_scale_phone=&#8221;100%|100%&#8221; transform_scale_last_edited=&#8221;on|phone&#8221; transform_translate_tablet=&#8221;&#8221; transform_translate_phone=&#8221;&#8221; transform_translate_last_edited=&#8221;on|phone&#8221; transform_rotate_tablet=&#8221;&#8221; transform_rotate_phone=&#8221;&#8221; transform_rotate_last_edited=&#8221;on|phone&#8221; transform_skew_tablet=&#8221;&#8221; transform_skew_phone=&#8221;&#8221; transform_skew_last_edited=&#8221;on|phone&#8221; transform_origin_tablet=&#8221;&#8221; transform_origin_phone=&#8221;&#8221; transform_origin_last_edited=&#8221;on|phone&#8221; transform_styles_last_edited=&#8221;on|phone&#8221; positioning=&#8221;none&#8221; min_height_tablet=&#8221;&#8221; min_height_phone=&#8221;100px&#8221; min_height_last_edited=&#8221;on|phone&#8221; height=&#8221;428px&#8221; custom_margin=&#8221;||-74px|||&#8221; custom_padding=&#8221;0vw||0vw||true|false&#8221; transform_styles_tablet=&#8221;&#8221; transform_styles_phone=&#8221;&#8221; locked=&#8221;off&#8221; collapsed=&#8221;on&#8221; global_colors_info=&#8221;{}&#8221;][et_pb_row custom_padding_last_edited=&#8221;on|phone&#8221; admin_label=&#8221;Row&#8221; _builder_version=&#8221;4.21.0&#8243; _module_preset=&#8221;default&#8221; min_height=&#8221;584.5px&#8221; custom_padding=&#8221;150px||50px||false|false&#8221; custom_padding_tablet=&#8221;150px||50px||false|false&#8221; custom_padding_phone=&#8221;150px||50px||false|false&#8221; global_colors_info=&#8221;{}&#8221;][et_pb_column type=&#8221;4_4&#8243; _builder_version=&#8221;4.21.0&#8243; _module_preset=&#8221;default&#8221; position_origin_a_tablet=&#8221;&#8221; position_origin_a_phone=&#8221;&#8221; position_origin_a_last_edited=&#8221;on|phone&#8221; position_origin_f_tablet=&#8221;&#8221; position_origin_f_phone=&#8221;&#8221; position_origin_f_last_edited=&#8221;on|phone&#8221; position_origin_r_tablet=&#8221;&#8221; position_origin_r_phone=&#8221;&#8221; position_origin_r_last_edited=&#8221;on|phone&#8221; positioning_tablet=&#8221;&#8221; positioning_phone=&#8221;&#8221; positioning_last_edited=&#8221;on|phone&#8221; global_colors_info=&#8221;{}&#8221;][et_pb_text content_tablet=&#8221;<\/p>\n<h4>SLOWENIEN | SVETI MARTIN | VIPAVA-TAL |<\/h4>\n<p>&#8221; content_phone=&#8221;<\/p>\n<h4>SLOWENIEN | SVETI MARTIN | VIPAVA-TAL |<\/h4>\n<p>&#8221; content_last_edited=&#8221;on|phone&#8221; _builder_version=&#8221;4.21.0&#8243; _module_preset=&#8221;7aaf5d2e-83be-400b-9d2e-84b04dbde13a&#8221; text_font=&#8221;Inter||||||||&#8221; text_font_size=&#8221;34px&#8221; header_4_text_align=&#8221;center&#8221; header_4_text_color=&#8221;#FFFFFF&#8221; text_text_color_tablet=&#8221;&#8221; text_text_color_phone=&#8221;&#8221; text_text_color_last_edited=&#8221;on|phone&#8221; header_4_font_size_tablet=&#8221;&#8221; header_4_font_size_phone=&#8221;8px&#8221; header_4_font_size_last_edited=&#8221;on|phone&#8221; locked=&#8221;off&#8221; global_colors_info=&#8221;{}&#8221;]<\/p>\n<h4 style=\"text-align: center;\">SLOWENIEN | SVETI MARTIN | VIPAVA-TAL |<\/h4>\n<p>[\/et_pb_text][et_pb_text content_tablet=&#8221;<\/p>\n<h1><strong>KONTAKT<\/strong><\/h1>\n<\/p>\n<p>&#8221; content_phone=&#8221;<\/p>\n<h1><strong>KONTAKT<\/strong><\/h1>\n<\/p>\n<p>&#8221; content_last_edited=&#8221;on|phone&#8221; _builder_version=&#8221;4.21.0&#8243; _module_preset=&#8221;e0c825c4-1a61-4b2c-866d-b469fd9bcf9e&#8221; header_text_color=&#8221;#FFFFFF&#8221; header_font_size=&#8221;84px&#8221; text_orientation=&#8221;center&#8221; custom_padding=&#8221;||30px||false|false&#8221; text_font_size_tablet=&#8221;&#8221; text_font_size_phone=&#8221;23px&#8221; text_font_size_last_edited=&#8221;on|phone&#8221; header_font_size_phone=&#8221;35px&#8221; global_colors_info=&#8221;{}&#8221;]<\/p>\n<h1>GESCHENKGUTSCHEIN<\/h1>\n<p>&nbsp;<\/p>\n<p>[\/et_pb_text][\/et_pb_column][\/et_pb_row][\/et_pb_section][et_pb_section fb_built=&#8221;1&#8243; _builder_version=&#8221;4.21.0&#8243; _module_preset=&#8221;default&#8221; custom_margin=&#8221;86px|||||&#8221; custom_padding=&#8221;1px|||||&#8221; global_colors_info=&#8221;{}&#8221;][et_pb_row _builder_version=&#8221;4.21.0&#8243; _module_preset=&#8221;default&#8221; custom_padding=&#8221;1px|||||&#8221; locked=&#8221;off&#8221; global_colors_info=&#8221;{}&#8221;][et_pb_column type=&#8221;4_4&#8243; _builder_version=&#8221;4.21.0&#8243; _module_preset=&#8221;default&#8221; global_colors_info=&#8221;{}&#8221;][et_pb_image src=&#8221;https:\/\/vinasvetimartin.si\/wp-content\/uploads\/2024\/03\/IMG-20240226-WA0000-1.jpg&#8221; title_text=&#8221;IMG-20240226-WA0000&#8243; align=&#8221;center&#8221; _builder_version=&#8221;4.21.0&#8243; _module_preset=&#8221;default&#8221; global_colors_info=&#8221;{}&#8221; custom_padding=&#8221;91px|||||&#8221;][\/et_pb_image][\/et_pb_column][\/et_pb_row][et_pb_row column_structure=&#8221;1_3,1_3,1_3&#8243; _builder_version=&#8221;4.21.0&#8243; _module_preset=&#8221;default&#8221; custom_margin=&#8221;-1px|auto||auto||&#8221; custom_padding=&#8221;59px|||||&#8221; locked=&#8221;off&#8221; global_colors_info=&#8221;{}&#8221;][et_pb_column type=&#8221;1_3&#8243; _builder_version=&#8221;4.21.0&#8243; _module_preset=&#8221;default&#8221; background_color=&#8221;RGBA(255,255,255,0)&#8221; link_option_url=&#8221;#&#8221; box_shadow_style=&#8221;preset4&#8243; box_shadow_horizontal=&#8221;0px&#8221; box_shadow_vertical=&#8221;0px&#8221; box_shadow_color=&#8221;#F9F9F9&#8243; global_colors_info=&#8221;{}&#8221; background_color__hover=&#8221;#F9F9F9&#8243; background__hover_enabled=&#8221;on|hover&#8221; box_shadow_spread__hover=&#8221;20px&#8221; box_shadow_spread__hover_enabled=&#8221;on|hover&#8221; background_enable_color__hover=&#8221;on&#8221;][\/et_pb_column][et_pb_column type=&#8221;1_3&#8243; _builder_version=&#8221;4.20.0&#8243; _module_preset=&#8221;default&#8221; background_color=&#8221;RGBA(255,255,255,0)&#8221; link_option_url=&#8221;#&#8221; box_shadow_style=&#8221;preset4&#8243; box_shadow_horizontal=&#8221;0px&#8221; box_shadow_vertical=&#8221;0px&#8221; box_shadow_color=&#8221;#F9F9F9&#8243; global_colors_info=&#8221;{}&#8221; background_color__hover=&#8221;#F9F9F9&#8243; background__hover_enabled=&#8221;on|hover&#8221; box_shadow_spread__hover=&#8221;20px&#8221; box_shadow_spread__hover_enabled=&#8221;on|hover&#8221; background_enable_color__hover=&#8221;on&#8221;][et_pb_text _builder_version=&#8221;4.21.0&#8243; _module_preset=&#8221;22f75797-8756-4b59-bdab-4fd6fc92e3ce&#8221; text_font_size=&#8221;20px&#8221; header_5_font_size=&#8221;23px&#8221; width=&#8221;100%&#8221; custom_margin=&#8221;||10px||false|false&#8221; custom_padding=&#8221;|||0px||&#8221; header_5_font_tablet=&#8221;&#8221; header_5_font_phone=&#8221;Adamina|||on|||||&#8221; header_5_font_last_edited=&#8221;on|phone&#8221; header_5_font_size_tablet=&#8221;23px&#8221; header_5_font_size_phone=&#8221;18px&#8221; header_5_font_size_last_edited=&#8221;on|phone&#8221; global_colors_info=&#8221;{}&#8221;]<\/p>\n<h5 style=\"text-align: center;\"><strong>GESCHENKGUTSCHEIN<\/strong><\/h5>\n<p>[\/et_pb_text][et_pb_text _builder_version=&#8221;4.21.0&#8243; _module_preset=&#8221;default&#8221; text_font=&#8221;Courier Prime||||||||&#8221; text_font_size=&#8221;16px&#8221; width=&#8221;100%&#8221; custom_margin=&#8221;|0px||0px|false|false&#8221; custom_padding=&#8221;|0px|||false|false&#8221; text_font_tablet=&#8221;Courier Prime||||||||&#8221; text_font_phone=&#8221;Courier Prime||||||||&#8221; text_font_last_edited=&#8221;on|phone&#8221; global_colors_info=&#8221;{}&#8221;]<\/p>\n<p data-sourcepos=\"3:1-3:136\" style=\"text-align: center;\">Auf der Suche nach dem perfekten Geschenk f\u00fcr einen lieben Menschen oder ein Paar? Schenken Sie ein unvergessliches Erlebnis mit einem Gutschein f\u00fcr eine Premium-Weinprobe in einer wundersch\u00f6nen Umgebung!<\/p>\n<p data-sourcepos=\"3:1-3:136\" style=\"text-align: center;\">Reservierungen unter +386 41 369 633 (Peter)<\/p>\n<p data-sourcepos=\"3:1-3:136\" style=\"text-align: center;\">\n<p>[\/et_pb_text][et_pb_divider show_divider=&#8221;off&#8221; _builder_version=&#8221;4.21.0&#8243; _module_preset=&#8221;default&#8221; custom_padding=&#8221;||0px|||&#8221; global_colors_info=&#8221;{}&#8221;][\/et_pb_divider][\/et_pb_column][et_pb_column type=&#8221;1_3&#8243; _builder_version=&#8221;4.20.0&#8243; _module_preset=&#8221;default&#8221; background_color=&#8221;RGBA(255,255,255,0)&#8221; link_option_url=&#8221;#&#8221; box_shadow_style=&#8221;preset4&#8243; box_shadow_horizontal=&#8221;0px&#8221; box_shadow_vertical=&#8221;0px&#8221; box_shadow_color=&#8221;#F9F9F9&#8243; global_colors_info=&#8221;{}&#8221; background_color__hover=&#8221;#F9F9F9&#8243; background__hover_enabled=&#8221;on|hover&#8221; box_shadow_spread__hover=&#8221;20px&#8221; box_shadow_spread__hover_enabled=&#8221;on|hover&#8221; background_enable_color__hover=&#8221;on&#8221;][\/et_pb_column][\/et_pb_row][et_pb_row column_structure=&#8221;1_3,1_3,1_3&#8243; _builder_version=&#8221;4.21.0&#8243; _module_preset=&#8221;default&#8221; border_color_all=&#8221;gcid-e6f8585f-043d-4f05-ad96-fb05b9e45208&#8243; global_colors_info=&#8221;{%22gcid-e6f8585f-043d-4f05-ad96-fb05b9e45208%22:%91%22border_color_all%22%93}&#8221;][et_pb_column type=&#8221;1_3&#8243; _builder_version=&#8221;4.20.0&#8243; _module_preset=&#8221;default&#8221; global_colors_info=&#8221;{}&#8221;][et_pb_icon font_icon=&#8221;&#xe01d;||divi||400&#8243; icon_color=&#8221;#000000&#8243; icon_width=&#8221;46px&#8221; url=&#8221;https:\/\/goo.gl\/maps\/eDSuvxcfA36pkBWq6&#8243; _builder_version=&#8221;4.21.0&#8243; _module_preset=&#8221;default&#8221; global_colors_info=&#8221;{}&#8221;][\/et_pb_icon][et_pb_text _builder_version=&#8221;4.21.0&#8243; _module_preset=&#8221;1b47c63f-8114-44d3-97ad-47d1b6c1cf74&#8243; header_5_text_color=&#8221;#000000&#8243; custom_margin=&#8221;||0px||false|false&#8221; text_orientation_tablet=&#8221;center&#8221; text_orientation_phone=&#8221;&#8221; text_orientation_last_edited=&#8221;on|tablet&#8221; global_colors_info=&#8221;{}&#8221;]<\/p>\n<h5 style=\"text-align: center;\">DIE FAMILIE STEGOVEC<\/h5>\n<p>[\/et_pb_text][et_pb_text _builder_version=&#8221;4.21.0&#8243; _module_preset=&#8221;4a424fbf-5bd6-495e-adb9-cc9454646b87&#8243; link_text_color=&#8221;gcid-e6f8585f-043d-4f05-ad96-fb05b9e45208&#8243; text_orientation_tablet=&#8221;center&#8221; text_orientation_phone=&#8221;&#8221; text_orientation_last_edited=&#8221;on|tablet&#8221; global_colors_info=&#8221;{%22gcid-e6f8585f-043d-4f05-ad96-fb05b9e45208%22:%91%22link_text_color%22%93}&#8221;]<\/p>\n<p style=\"text-align: center;\"><a href=\"https:\/\/goo.gl\/maps\/eDSuvxcfA36pkBWq6\" target=\"_blank\" rel=\"noopener\" title=\"Navodila za pot\">Brje 121 &#8211; Sveti Martin<\/a><\/p>\n<p class=\"_04xlpA direction-ltr align-center para-style-body\" style=\"text-align: center;\"><span class=\"WdYUQQ\">5263 Dobravlje<\/span><\/p>\n<p class=\"_04xlpA direction-ltr align-center para-style-body\" style=\"text-align: center;\"><span class=\"WdYUQQ\">SLOWENIEN<\/span><\/p>\n<p>[\/et_pb_text][\/et_pb_column][et_pb_column type=&#8221;1_3&#8243; _builder_version=&#8221;4.20.0&#8243; _module_preset=&#8221;default&#8221; global_colors_info=&#8221;{}&#8221;][et_pb_icon font_icon=&#8221;&#xe010;||divi||400&#8243; icon_color=&#8221;#000000&#8243; icon_width=&#8221;46px&#8221; url=&#8221;mailto:peter@vinasvetimartin.si&#8221; _builder_version=&#8221;4.21.0&#8243; _module_preset=&#8221;default&#8221; global_colors_info=&#8221;{}&#8221;][\/et_pb_icon][et_pb_text _builder_version=&#8221;4.21.0&#8243; _module_preset=&#8221;1b47c63f-8114-44d3-97ad-47d1b6c1cf74&#8243; header_5_text_color=&#8221;#000000&#8243; text_orientation=&#8221;center&#8221; custom_margin=&#8221;||0px||false|false&#8221; global_colors_info=&#8221;{}&#8221;]<\/p>\n<h5 style=\"text-align: center;\">E-ADRESSE<\/h5>\n<p>[\/et_pb_text][et_pb_text _builder_version=&#8221;4.21.0&#8243; _module_preset=&#8221;4a424fbf-5bd6-495e-adb9-cc9454646b87&#8243; link_text_color=&#8221;gcid-e6f8585f-043d-4f05-ad96-fb05b9e45208&#8243; text_orientation=&#8221;center&#8221; global_colors_info=&#8221;{%22gcid-e6f8585f-043d-4f05-ad96-fb05b9e45208%22:%91%22link_text_color%22%93}&#8221;]<\/p>\n<p><a href=\"mailto:peter@vinasvetimartin.si\">peter@vinasvetimartin.si<\/a><\/p>\n<p>[\/et_pb_text][\/et_pb_column][et_pb_column type=&#8221;1_3&#8243; _builder_version=&#8221;4.20.0&#8243; _module_preset=&#8221;default&#8221; global_colors_info=&#8221;{}&#8221;][et_pb_icon font_icon=&#8221;&#xe00b;||divi||400&#8243; icon_color=&#8221;#000000&#8243; icon_width=&#8221;46px&#8221; url=&#8221;tel:+38641369633&#8243; _builder_version=&#8221;4.21.0&#8243; _module_preset=&#8221;default&#8221; global_colors_info=&#8221;{}&#8221;][\/et_pb_icon][et_pb_text _builder_version=&#8221;4.21.0&#8243; _module_preset=&#8221;1b47c63f-8114-44d3-97ad-47d1b6c1cf74&#8243; header_5_text_color=&#8221;#000000&#8243; text_orientation=&#8221;right&#8221; custom_margin=&#8221;||0px||false|false&#8221; text_orientation_tablet=&#8221;center&#8221; text_orientation_phone=&#8221;&#8221; text_orientation_last_edited=&#8221;on|tablet&#8221; global_colors_info=&#8221;{}&#8221;]<\/p>\n<h5 style=\"text-align: center;\">TELEFON<\/h5>\n<p>[\/et_pb_text][et_pb_text _builder_version=&#8221;4.21.0&#8243; _module_preset=&#8221;4a424fbf-5bd6-495e-adb9-cc9454646b87&#8243; link_text_color=&#8221;gcid-e6f8585f-043d-4f05-ad96-fb05b9e45208&#8243; text_orientation=&#8221;right&#8221; text_orientation_tablet=&#8221;center&#8221; text_orientation_phone=&#8221;&#8221; text_orientation_last_edited=&#8221;on|tablet&#8221; global_colors_info=&#8221;{%22gcid-e6f8585f-043d-4f05-ad96-fb05b9e45208%22:%91%22link_text_color%22%93}&#8221;]<\/p>\n<p style=\"text-align: center;\"><a href=\"tel:+38641369633\">+386 41 369 633 (Peter)<\/a><\/p>\n<p style=\"text-align: center;\"><a href=\"tel:+38631200111\">+386 31 200 111 (Bo\u017ea)<\/a><\/p>\n<p>[\/et_pb_text][\/et_pb_column][\/et_pb_row][\/et_pb_section]<\/p>","protected":false},"excerpt":{"rendered":"<p>Sveti martin | Vipavska dolina | SLODARILNI BON &nbsp;DARILNI BONI\u0161\u010dete popolno darilo za posebno osebo ali par? Podarite nepozabno do\u017eivetje z darilnim bonom za vrhunsko degustacijo vin v \u010dudoviti okolici! Rezervacije na 041 369 633 (Peter) DRU\u017dINA sTEGOVECBrje 121 &#8211; Sveti Martin 5263 Dobravlje Slovenijae-NASLOVpeter@vinasvetimartin.sitELEFON+386 41 369 633 (Peter) +386 31 200 111 (Bo\u017ea)<\/p>","protected":false},"author":2,"featured_media":0,"parent":0,"menu_order":0,"comment_status":"closed","ping_status":"closed","template":"","meta":{"_et_pb_use_builder":"on","_et_pb_old_content":"","_et_gb_content_width":"","footnotes":""},"class_list":["post-842","page","type-page","status-publish","hentry"],"yoast_head":"<!-- This site is optimized with the Yoast SEO plugin v25.3.1 - https:\/\/yoast.com\/wordpress\/plugins\/seo\/ -->\n<title>DARILNI BON - Vina Sveti Martin<\/title>\n<meta name=\"robots\" content=\"index, follow, max-snippet:-1, max-image-preview:large, max-video-preview:-1\" \/>\n<link rel=\"canonical\" href=\"https:\/\/vinasvetimartin.si\/de\/darilni-bon\/\" \/>\n<meta property=\"og:locale\" content=\"de_DE\" \/>\n<meta property=\"og:type\" content=\"article\" \/>\n<meta property=\"og:title\" content=\"DARILNI BON - Vina Sveti Martin\" \/>\n<meta property=\"og:description\" content=\"Sveti martin | Vipavska dolina | SLODARILNI BON &nbsp;DARILNI BONI\u0161\u010dete popolno darilo za posebno osebo ali par? Podarite nepozabno do\u017eivetje z darilnim bonom za vrhunsko degustacijo vin v \u010dudoviti okolici! Rezervacije na 041 369 633 (Peter) DRU\u017dINA sTEGOVECBrje 121 - Sveti Martin 5263 Dobravlje Slovenijae-NASLOVpeter@vinasvetimartin.sitELEFON+386 41 369 633 (Peter) +386 31 200 111 (Bo\u017ea)\" \/>\n<meta property=\"og:url\" content=\"https:\/\/vinasvetimartin.si\/de\/darilni-bon\/\" \/>\n<meta property=\"og:site_name\" content=\"Vina Sveti Martin\" \/>\n<meta property=\"article:modified_time\" content=\"2024-03-11T11:33:32+00:00\" \/>\n<meta name=\"twitter:card\" content=\"summary_large_image\" \/>\n<script type=\"application\/ld+json\" class=\"yoast-schema-graph\">{\"@context\":\"https:\/\/schema.org\",\"@graph\":[{\"@type\":\"WebPage\",\"@id\":\"https:\/\/vinasvetimartin.si\/darilni-bon\/\",\"url\":\"https:\/\/vinasvetimartin.si\/darilni-bon\/\",\"name\":\"DARILNI BON - Vina Sveti Martin\",\"isPartOf\":{\"@id\":\"https:\/\/vinasvetimartin.si\/#website\"},\"datePublished\":\"2024-03-11T11:31:55+00:00\",\"dateModified\":\"2024-03-11T11:33:32+00:00\",\"breadcrumb\":{\"@id\":\"https:\/\/vinasvetimartin.si\/darilni-bon\/#breadcrumb\"},\"inLanguage\":\"de\",\"potentialAction\":[{\"@type\":\"ReadAction\",\"target\":[\"https:\/\/vinasvetimartin.si\/darilni-bon\/\"]}]},{\"@type\":\"BreadcrumbList\",\"@id\":\"https:\/\/vinasvetimartin.si\/darilni-bon\/#breadcrumb\",\"itemListElement\":[{\"@type\":\"ListItem\",\"position\":1,\"name\":\"Home\",\"item\":\"https:\/\/vinasvetimartin.si\/\"},{\"@type\":\"ListItem\",\"position\":2,\"name\":\"DARILNI BON\"}]},{\"@type\":\"WebSite\",\"@id\":\"https:\/\/vinasvetimartin.si\/#website\",\"url\":\"https:\/\/vinasvetimartin.si\/\",\"name\":\"Vina Sveti Martin\",\"description\":\"Vina Sveti Martin Vipavska Dolina\",\"publisher\":{\"@id\":\"https:\/\/vinasvetimartin.si\/#\/schema\/person\/648823e76f4d66b7e50b608d7f56dc4d\"},\"potentialAction\":[{\"@type\":\"SearchAction\",\"target\":{\"@type\":\"EntryPoint\",\"urlTemplate\":\"https:\/\/vinasvetimartin.si\/?s={search_term_string}\"},\"query-input\":{\"@type\":\"PropertyValueSpecification\",\"valueRequired\":true,\"valueName\":\"search_term_string\"}}],\"inLanguage\":\"de\"},{\"@type\":[\"Person\",\"Organization\"],\"@id\":\"https:\/\/vinasvetimartin.si\/#\/schema\/person\/648823e76f4d66b7e50b608d7f56dc4d\",\"name\":\"Admin\",\"image\":{\"@type\":\"ImageObject\",\"inLanguage\":\"de\",\"@id\":\"https:\/\/vinasvetimartin.si\/#\/schema\/person\/image\/\",\"url\":\"https:\/\/vinasvetimartin.si\/wp-content\/uploads\/2023\/07\/Sveti-martin-logo.png\",\"contentUrl\":\"https:\/\/vinasvetimartin.si\/wp-content\/uploads\/2023\/07\/Sveti-martin-logo.png\",\"width\":500,\"height\":500,\"caption\":\"Admin\"},\"logo\":{\"@id\":\"https:\/\/vinasvetimartin.si\/#\/schema\/person\/image\/\"},\"sameAs\":[\"http:\/\/localhost\/wordpress\/wordpress\"]}]}<\/script>\n<!-- \/ Yoast SEO plugin. -->","yoast_head_json":{"title":"DARILNI BON - Vina Sveti Martin","robots":{"index":"index","follow":"follow","max-snippet":"max-snippet:-1","max-image-preview":"max-image-preview:large","max-video-preview":"max-video-preview:-1"},"canonical":"https:\/\/vinasvetimartin.si\/de\/darilni-bon\/","og_locale":"de_DE","og_type":"article","og_title":"DARILNI BON - Vina Sveti Martin","og_description":"Sveti martin | Vipavska dolina | SLODARILNI BON &nbsp;DARILNI BONI\u0161\u010dete popolno darilo za posebno osebo ali par? Podarite nepozabno do\u017eivetje z darilnim bonom za vrhunsko degustacijo vin v \u010dudoviti okolici! Rezervacije na 041 369 633 (Peter) DRU\u017dINA sTEGOVECBrje 121 - Sveti Martin 5263 Dobravlje Slovenijae-NASLOVpeter@vinasvetimartin.sitELEFON+386 41 369 633 (Peter) +386 31 200 111 (Bo\u017ea)","og_url":"https:\/\/vinasvetimartin.si\/de\/darilni-bon\/","og_site_name":"Vina Sveti Martin","article_modified_time":"2024-03-11T11:33:32+00:00","twitter_card":"summary_large_image","schema":{"@context":"https:\/\/schema.org","@graph":[{"@type":"WebPage","@id":"https:\/\/vinasvetimartin.si\/darilni-bon\/","url":"https:\/\/vinasvetimartin.si\/darilni-bon\/","name":"DARILNI BON - Vina Sveti Martin","isPartOf":{"@id":"https:\/\/vinasvetimartin.si\/#website"},"datePublished":"2024-03-11T11:31:55+00:00","dateModified":"2024-03-11T11:33:32+00:00","breadcrumb":{"@id":"https:\/\/vinasvetimartin.si\/darilni-bon\/#breadcrumb"},"inLanguage":"de","potentialAction":[{"@type":"ReadAction","target":["https:\/\/vinasvetimartin.si\/darilni-bon\/"]}]},{"@type":"BreadcrumbList","@id":"https:\/\/vinasvetimartin.si\/darilni-bon\/#breadcrumb","itemListElement":[{"@type":"ListItem","position":1,"name":"Home","item":"https:\/\/vinasvetimartin.si\/"},{"@type":"ListItem","position":2,"name":"DARILNI BON"}]},{"@type":"WebSite","@id":"https:\/\/vinasvetimartin.si\/#website","url":"https:\/\/vinasvetimartin.si\/","name":"Vina Sveti Martin","description":"Vina Sveti Martin Vipavska Dolina","publisher":{"@id":"https:\/\/vinasvetimartin.si\/#\/schema\/person\/648823e76f4d66b7e50b608d7f56dc4d"},"potentialAction":[{"@type":"SearchAction","target":{"@type":"EntryPoint","urlTemplate":"https:\/\/vinasvetimartin.si\/?s={search_term_string}"},"query-input":{"@type":"PropertyValueSpecification","valueRequired":true,"valueName":"search_term_string"}}],"inLanguage":"de"},{"@type":["Person","Organization"],"@id":"https:\/\/vinasvetimartin.si\/#\/schema\/person\/648823e76f4d66b7e50b608d7f56dc4d","name":"Admin","image":{"@type":"ImageObject","inLanguage":"de","@id":"https:\/\/vinasvetimartin.si\/#\/schema\/person\/image\/","url":"https:\/\/vinasvetimartin.si\/wp-content\/uploads\/2023\/07\/Sveti-martin-logo.png","contentUrl":"https:\/\/vinasvetimartin.si\/wp-content\/uploads\/2023\/07\/Sveti-martin-logo.png","width":500,"height":500,"caption":"Admin"},"logo":{"@id":"https:\/\/vinasvetimartin.si\/#\/schema\/person\/image\/"},"sameAs":["http:\/\/localhost\/wordpress\/wordpress"]}]}},"_links":{"self":[{"href":"https:\/\/vinasvetimartin.si\/de\/wp-json\/wp\/v2\/pages\/842","targetHints":{"allow":["GET"]}}],"collection":[{"href":"https:\/\/vinasvetimartin.si\/de\/wp-json\/wp\/v2\/pages"}],"about":[{"href":"https:\/\/vinasvetimartin.si\/de\/wp-json\/wp\/v2\/types\/page"}],"author":[{"embeddable":true,"href":"https:\/\/vinasvetimartin.si\/de\/wp-json\/wp\/v2\/users\/2"}],"replies":[{"embeddable":true,"href":"https:\/\/vinasvetimartin.si\/de\/wp-json\/wp\/v2\/comments?post=842"}],"version-history":[{"count":5,"href":"https:\/\/vinasvetimartin.si\/de\/wp-json\/wp\/v2\/pages\/842\/revisions"}],"predecessor-version":[{"id":848,"href":"https:\/\/vinasvetimartin.si\/de\/wp-json\/wp\/v2\/pages\/842\/revisions\/848"}],"wp:attachment":[{"href":"https:\/\/vinasvetimartin.si\/de\/wp-json\/wp\/v2\/media?parent=842"}],"curies":[{"name":"wp","href":"https:\/\/api.w.org\/{rel}","templated":true}]}}