{"id":160,"date":"2023-05-10T15:30:33","date_gmt":"2023-05-10T13:30:33","guid":{"rendered":"http:\/\/localhost\/wordpress\/wordpress\/?page_id=160"},"modified":"2024-03-11T12:38:05","modified_gmt":"2024-03-11T11:38:05","slug":"tradicija","status":"publish","type":"page","link":"https:\/\/vinasvetimartin.si\/de\/tradicija\/","title":{"rendered":"TRADITION"},"content":{"rendered":"<p>[et_pb_section fb_built=&#8221;1&#8243; disabled_on=&#8221;off|off|off&#8221; admin_label=&#8221;Header&#8221; _builder_version=&#8221;4.21.0&#8243; _module_preset=&#8221;default&#8221; background_image=&#8221;https:\/\/vinasvetimartin.si\/wp-content\/uploads\/2023\/05\/SVETI-MARTIN.ZUNAJ_.jpg&#8221; transform_scale=&#8221;120%|120%&#8221; transform_scale_tablet=&#8221;120%|120%&#8221; transform_scale_phone=&#8221;100%|100%&#8221; transform_scale_last_edited=&#8221;on|phone&#8221; transform_translate_tablet=&#8221;&#8221; transform_translate_phone=&#8221;&#8221; transform_translate_last_edited=&#8221;on|phone&#8221; transform_rotate_tablet=&#8221;&#8221; transform_rotate_phone=&#8221;&#8221; transform_rotate_last_edited=&#8221;on|phone&#8221; transform_skew_tablet=&#8221;&#8221; transform_skew_phone=&#8221;&#8221; transform_skew_last_edited=&#8221;on|phone&#8221; transform_origin_tablet=&#8221;&#8221; transform_origin_phone=&#8221;&#8221; transform_origin_last_edited=&#8221;on|phone&#8221; transform_styles_last_edited=&#8221;on|phone&#8221; positioning=&#8221;none&#8221; min_height_tablet=&#8221;&#8221; min_height_phone=&#8221;100px&#8221; min_height_last_edited=&#8221;on|phone&#8221; height=&#8221;428px&#8221; custom_margin=&#8221;||-74px|||&#8221; custom_padding=&#8221;0vw||0vw||true|false&#8221; transform_styles_tablet=&#8221;&#8221; transform_styles_phone=&#8221;&#8221; locked=&#8221;off&#8221; collapsed=&#8221;on&#8221; global_colors_info=&#8221;{}&#8221;][et_pb_row custom_padding_last_edited=&#8221;on|phone&#8221; admin_label=&#8221;Row&#8221; _builder_version=&#8221;4.21.0&#8243; _module_preset=&#8221;default&#8221; min_height=&#8221;584.5px&#8221; custom_padding=&#8221;150px||50px||false|false&#8221; custom_padding_tablet=&#8221;150px||50px||false|false&#8221; custom_padding_phone=&#8221;150px||50px||false|false&#8221; global_colors_info=&#8221;{}&#8221;][et_pb_column type=&#8221;4_4&#8243; _builder_version=&#8221;4.21.0&#8243; _module_preset=&#8221;default&#8221; position_origin_a_tablet=&#8221;&#8221; position_origin_a_phone=&#8221;&#8221; position_origin_a_last_edited=&#8221;on|phone&#8221; position_origin_f_tablet=&#8221;&#8221; position_origin_f_phone=&#8221;&#8221; position_origin_f_last_edited=&#8221;on|phone&#8221; position_origin_r_tablet=&#8221;&#8221; position_origin_r_phone=&#8221;&#8221; position_origin_r_last_edited=&#8221;on|phone&#8221; positioning_tablet=&#8221;&#8221; positioning_phone=&#8221;&#8221; positioning_last_edited=&#8221;on|phone&#8221; global_colors_info=&#8221;{}&#8221;][et_pb_text content_tablet=&#8221;<\/p>\n<h4>SLOWENIEN | SVETI MARTIN | VIPAVA-TAL |<\/h4>\n<p>&#8221; content_phone=&#8221;<\/p>\n<h4 style=\"%22text-align:\" center;%22>PETROVI | SVETI MARTIN  | BRJE<\/h4>\n<p>&#8221; content_last_edited=&#8221;on|phone&#8221; _builder_version=&#8221;4.21.0&#8243; _module_preset=&#8221;7aaf5d2e-83be-400b-9d2e-84b04dbde13a&#8221; text_font=&#8221;Inter||||||||&#8221; text_font_size=&#8221;34px&#8221; header_4_text_align=&#8221;center&#8221; header_4_text_color=&#8221;#FFFFFF&#8221; text_text_color_tablet=&#8221;&#8221; text_text_color_phone=&#8221;&#8221; text_text_color_last_edited=&#8221;on|phone&#8221; header_4_font_size_tablet=&#8221;&#8221; header_4_font_size_phone=&#8221;8px&#8221; header_4_font_size_last_edited=&#8221;on|phone&#8221; locked=&#8221;off&#8221; global_colors_info=&#8221;{}&#8221;]<\/p>\n<h4 style=\"text-align: center;\">VON PETER | SVETI MARTIN\u00a0| BRJE<\/h4>\n<p>[\/et_pb_text][et_pb_text content_tablet=&#8221;<\/p>\n<h1><strong>5 GENERATIONEN<\/strong><\/h1>\n<\/p>\n<p>&#8221; content_phone=&#8221;<\/p>\n<h1><strong>5 GENERATIONEN<\/strong><\/h1>\n<\/p>\n<p>&#8221; content_last_edited=&#8221;on|phone&#8221; _builder_version=&#8221;4.21.0&#8243; _module_preset=&#8221;e0c825c4-1a61-4b2c-866d-b469fd9bcf9e&#8221; header_text_color=&#8221;#FFFFFF&#8221; header_font_size=&#8221;84px&#8221; text_orientation=&#8221;center&#8221; custom_padding=&#8221;||30px||false|false&#8221; text_font_size_tablet=&#8221;&#8221; text_font_size_phone=&#8221;23px&#8221; text_font_size_last_edited=&#8221;on|phone&#8221; header_font_size_phone=&#8221;35px&#8221; global_colors_info=&#8221;{}&#8221;]<\/p>\n<h1><strong>5 GENERATIONEN<\/strong><\/h1>\n<p>&nbsp;<\/p>\n<p>[\/et_pb_text][\/et_pb_column][\/et_pb_row][\/et_pb_section][et_pb_section fb_built=&#8221;1&#8243; _builder_version=&#8221;4.21.0&#8243; _module_preset=&#8221;default&#8221; custom_margin=&#8221;65px|||||&#8221; global_colors_info=&#8221;{}&#8221;][et_pb_row column_structure=&#8221;1_2,1_2&#8243; _builder_version=&#8221;4.21.0&#8243; _module_preset=&#8221;default&#8221; global_colors_info=&#8221;{}&#8221;][et_pb_column type=&#8221;1_2&#8243; _builder_version=&#8221;4.21.0&#8243; _module_preset=&#8221;default&#8221; global_colors_info=&#8221;{}&#8221;][et_pb_text _builder_version=&#8221;4.21.0&#8243; _module_preset=&#8221;62ffe10b-dcb7-494a-bcfa-7fe89596921e&#8221; text_text_color=&#8221;#000000&#8243; header_text_color=&#8221;#000000&#8243; header_font_size=&#8221;60px&#8221; header_5_font=&#8221;Cormorant Garamond||||||||&#8221; header_5_font_size=&#8221;60px&#8221; header_5_letter_spacing=&#8221;12px&#8221; locked=&#8221;off&#8221; global_colors_info=&#8221;{}&#8221;]<\/p>\n<h5><em style=\"font-size: 60px;\">E S  W A R  E I N M AL\u2026.<\/em><\/h5>\n<p>[\/et_pb_text][et_pb_text _builder_version=&#8221;4.21.0&#8243; _module_preset=&#8221;7b4457d0-9f65-4fc3-9b95-4e3f370b4191&#8243; text_font=&#8221;Courier Prime||||||||&#8221; text_font_size=&#8221;17px&#8221; custom_padding_tablet=&#8221;0px||30px|30px|false|false&#8221; custom_padding_phone=&#8221;0px||||false|false&#8221; custom_padding_last_edited=&#8221;off|desktop&#8221; text_font_size_phone=&#8221;16px&#8221; locked=&#8221;off&#8221; global_colors_info=&#8221;{}&#8221;]<\/p>\n<p><span>Tradition... Bei den Petrovs hei\u00dft es im Haus, denn Peter Stegovec war um 1880 der erste in Sveti Martin, der ein Anwesen kaufte und mit der Familientradition des Weinanbaus und der Weinherstellung am heutigen Standort begonnen hat.<\/span><\/p>\n<p><span>Er war ein sachkundiger Herr, der bereits Ende des 19. Jahrhunderts die Lizenz zur Er\u00f6ffnung eines Weinguts aus dem fernen Triest besa\u00df.\u00a0<\/span>Ihm folgten sein Sohn Franc und sein Enkel Stojan, denen es trotz ihrer ehrgeizigen Pl\u00e4ne nicht \ngelungen ist, den Nachlass etwas zu vergr\u00f6\u00dfern, da beide jung gestorben sind.<\/p>\n<p>[\/et_pb_text][\/et_pb_column][et_pb_column type=&#8221;1_2&#8243; _builder_version=&#8221;4.21.0&#8243; _module_preset=&#8221;default&#8221; global_colors_info=&#8221;{}&#8221;][et_pb_image src=&#8221;https:\/\/vinasvetimartin.si\/wp-content\/uploads\/2023\/07\/STEGOVEC-5-GENERACIJ.jpg&#8221; alt=&#8221;Peter Stegovec Portret- Portrait&#8221; title_text=&#8221;Peter Stegovec Portret- Portrait&#8221; _builder_version=&#8221;4.21.0&#8243; _module_preset=&#8221;default&#8221; global_colors_info=&#8221;{}&#8221;][\/et_pb_image][\/et_pb_column][\/et_pb_row][et_pb_row column_structure=&#8221;1_2,1_2&#8243; _builder_version=&#8221;4.21.0&#8243; _module_preset=&#8221;default&#8221; global_colors_info=&#8221;{}&#8221;][et_pb_column type=&#8221;1_2&#8243; _builder_version=&#8221;4.21.0&#8243; _module_preset=&#8221;default&#8221; global_colors_info=&#8221;{}&#8221;][et_pb_image src=&#8221;https:\/\/vinasvetimartin.si\/wp-content\/uploads\/2023\/07\/STEGOVEC-HISA-1.jpg&#8221; alt=&#8221;Doma\u010dija pri Petrovih &#8211; our estate&#8221; title_text=&#8221;Doma\u010dija pri Petrovih &#8211; our estate&#8221; _builder_version=&#8221;4.21.0&#8243; _module_preset=&#8221;default&#8221; global_colors_info=&#8221;{}&#8221;][\/et_pb_image][\/et_pb_column][et_pb_column type=&#8221;1_2&#8243; _builder_version=&#8221;4.21.0&#8243; _module_preset=&#8221;default&#8221; global_colors_info=&#8221;{}&#8221;][et_pb_text _builder_version=&#8221;4.21.0&#8243; _module_preset=&#8221;62ffe10b-dcb7-494a-bcfa-7fe89596921e&#8221; text_text_color=&#8221;#000000&#8243; header_text_color=&#8221;#000000&#8243; header_font_size=&#8221;60px&#8221; header_5_font=&#8221;Cormorant Garamond||||||||&#8221; header_5_font_size=&#8221;60px&#8221; header_5_letter_spacing=&#8221;12px&#8221; locked=&#8221;off&#8221; global_colors_info=&#8221;{}&#8221;]<\/p>\n<h5><em>H E U T E<\/em><\/h5>\n<p>[\/et_pb_text][et_pb_text _builder_version=&#8221;4.21.0&#8243; _module_preset=&#8221;7b4457d0-9f65-4fc3-9b95-4e3f370b4191&#8243; text_font=&#8221;Courier Prime||||||||&#8221; text_font_size=&#8221;17px&#8221; custom_margin=&#8221;||29px|||&#8221; custom_padding_tablet=&#8221;0px||30px|30px|false|false&#8221; custom_padding_phone=&#8221;0px||||false|false&#8221; custom_padding_last_edited=&#8221;off|desktop&#8221; text_font_size_phone=&#8221;16px&#8221; locked=&#8221;off&#8221; global_colors_info=&#8221;{}&#8221;]<\/p>\n<p>...Stojans Sohn Boris konnte zusammen mit seiner Frau Bo\u017ea jedoch seine gro\u00dfe Liebe f\u00fcr die Landwirtschaft in Tat umsetzen. Aus den damals bescheidenen Verh\u00e4ltnissen entwickelte sich im Laufe der Jahre ein Familienbetrieb, auf dem heute stolz die Weine der Familie Stegovec hergestellt werden. Und um den Kreis zu vervollst\u00e4ndigen, haben wir heutzutagen Peter Stegovec, den Sohn von Boris und Vertreter der f\u00fcnften Generation der Familie Stegovec in Sveti Martin. Tradition bedeutet Peter sehr viel, besonders liegt ihm am Herzen, dass der Hausname \u201epri Petrovih\u201c nicht verloren geht, denn es gibt bereits eine sechste Generation, die sich an der Arbeit auf dem Familienanwesen beteiligt.<\/p>\n<p>[\/et_pb_text][et_pb_divider show_divider=&#8221;off&#8221; _builder_version=&#8221;4.21.0&#8243; _module_preset=&#8221;default&#8221; custom_padding=&#8221;||53px|||&#8221; global_colors_info=&#8221;{}&#8221;][\/et_pb_divider][\/et_pb_column][\/et_pb_row][\/et_pb_section][et_pb_section fb_built=&#8221;1&#8243; _builder_version=&#8221;4.21.0&#8243; _module_preset=&#8221;default&#8221; locked=&#8221;off&#8221; global_colors_info=&#8221;{}&#8221;][et_pb_row column_structure=&#8221;1_3,1_3,1_3&#8243; _builder_version=&#8221;4.21.0&#8243; _module_preset=&#8221;default&#8221; custom_margin=&#8221;|auto|-58px|auto||&#8221; global_colors_info=&#8221;{}&#8221;][et_pb_column type=&#8221;1_3&#8243; _builder_version=&#8221;4.21.0&#8243; _module_preset=&#8221;default&#8221; global_colors_info=&#8221;{}&#8221;][\/et_pb_column][et_pb_column type=&#8221;1_3&#8243; _builder_version=&#8221;4.21.0&#8243; _module_preset=&#8221;default&#8221; global_colors_info=&#8221;{}&#8221;][et_pb_image src=&#8221;https:\/\/vinasvetimartin.si\/wp-content\/uploads\/2023\/07\/Sveti-martin-logo.png&#8221; title_text=&#8221;Sveti martin logo&#8221; _builder_version=&#8221;4.21.0&#8243; _module_preset=&#8221;default&#8221; transform_scale=&#8221;80%|80%&#8221; custom_margin=&#8221;-186px|||||&#8221; animation_style=&#8221;zoom&#8221; global_colors_info=&#8221;{}&#8221;][\/et_pb_image][\/et_pb_column][et_pb_column type=&#8221;1_3&#8243; _builder_version=&#8221;4.21.0&#8243; _module_preset=&#8221;default&#8221; global_colors_info=&#8221;{}&#8221;][\/et_pb_column][\/et_pb_row][et_pb_row column_structure=&#8221;1_3,1_3,1_3&#8243; _builder_version=&#8221;4.20.0&#8243; _module_preset=&#8221;default&#8221; border_color_all=&#8221;gcid-e6f8585f-043d-4f05-ad96-fb05b9e45208&#8243; border_width_top=&#8221;1px&#8221; global_colors_info=&#8221;{%22gcid-e6f8585f-043d-4f05-ad96-fb05b9e45208%22:%91%22border_color_all%22%93}&#8221;][et_pb_column type=&#8221;1_3&#8243; _builder_version=&#8221;4.20.0&#8243; _module_preset=&#8221;default&#8221; global_colors_info=&#8221;{}&#8221;][et_pb_icon font_icon=&#8221;&#xe01d;||divi||400&#8243; icon_color=&#8221;#000000&#8243; icon_width=&#8221;46px&#8221; _builder_version=&#8221;4.21.0&#8243; _module_preset=&#8221;default&#8221; global_colors_info=&#8221;{}&#8221;][\/et_pb_icon][et_pb_text _builder_version=&#8221;4.21.0&#8243; _module_preset=&#8221;1b47c63f-8114-44d3-97ad-47d1b6c1cf74&#8243; header_5_text_color=&#8221;#000000&#8243; custom_margin=&#8221;||0px||false|false&#8221; text_orientation_tablet=&#8221;center&#8221; text_orientation_phone=&#8221;&#8221; text_orientation_last_edited=&#8221;on|tablet&#8221; global_colors_info=&#8221;{}&#8221;]<\/p>\n<h5 style=\"text-align: center;\">DIE FAMILIE STEGOVEC<\/h5>\n<p>[\/et_pb_text][et_pb_text _builder_version=&#8221;4.21.0&#8243; _module_preset=&#8221;4a424fbf-5bd6-495e-adb9-cc9454646b87&#8243; link_text_color=&#8221;gcid-e6f8585f-043d-4f05-ad96-fb05b9e45208&#8243; text_orientation_tablet=&#8221;center&#8221; text_orientation_phone=&#8221;&#8221; text_orientation_last_edited=&#8221;on|tablet&#8221; global_colors_info=&#8221;{%22gcid-e6f8585f-043d-4f05-ad96-fb05b9e45208%22:%91%22link_text_color%22%93}&#8221;]<\/p>\n<p style=\"text-align: center;\"><a href=\"https:\/\/goo.gl\/maps\/Bf6utXsjUpHKWwES9\" target=\"_blank\" rel=\"noopener\" title=\"Navodila za pot\">Brje 121 &#8211; Sveti Martin<\/a><\/p>\n<p class=\"_04xlpA direction-ltr align-center para-style-body\" style=\"text-align: center;\"><span class=\"WdYUQQ\">5263 Dobravlje<\/span><\/p>\n<p class=\"_04xlpA direction-ltr align-center para-style-body\" style=\"text-align: center;\"><span class=\"WdYUQQ\">SLOWENIEN<\/span><\/p>\n<p>[\/et_pb_text][\/et_pb_column][et_pb_column type=&#8221;1_3&#8243; _builder_version=&#8221;4.20.0&#8243; _module_preset=&#8221;default&#8221; global_colors_info=&#8221;{}&#8221;][et_pb_icon font_icon=&#8221;&#xe010;||divi||400&#8243; icon_color=&#8221;#000000&#8243; icon_width=&#8221;46px&#8221; _builder_version=&#8221;4.21.0&#8243; _module_preset=&#8221;default&#8221; global_colors_info=&#8221;{}&#8221;][\/et_pb_icon][et_pb_text _builder_version=&#8221;4.21.0&#8243; _module_preset=&#8221;1b47c63f-8114-44d3-97ad-47d1b6c1cf74&#8243; header_5_text_color=&#8221;#000000&#8243; text_orientation=&#8221;center&#8221; custom_margin=&#8221;||0px||false|false&#8221; global_colors_info=&#8221;{}&#8221;]<\/p>\n<h5 style=\"text-align: center;\">E-ADRESSE<\/h5>\n<p>[\/et_pb_text][et_pb_text _builder_version=&#8221;4.21.0&#8243; _module_preset=&#8221;4a424fbf-5bd6-495e-adb9-cc9454646b87&#8243; link_text_color=&#8221;gcid-e6f8585f-043d-4f05-ad96-fb05b9e45208&#8243; text_orientation=&#8221;center&#8221; global_colors_info=&#8221;{%22gcid-e6f8585f-043d-4f05-ad96-fb05b9e45208%22:%91%22link_text_color%22%93}&#8221;]<\/p>\n<p><a href=\"mailto:peter@vinasvetimartin.si\">peter@vinasvetimartin.si<\/a><\/p>\n<p>[\/et_pb_text][et_pb_button button_url=&#8221;https:\/\/vinasvetimartin.si\/darilni-bon\/&#8221; button_text=&#8221;DARILNI BON&#8221; button_alignment=&#8221;center&#8221; _builder_version=&#8221;4.21.0&#8243; custom_button=&#8221;on&#8221; button_text_size=&#8221;10px&#8221; button_text_color=&#8221;#FFFFFF&#8221; button_bg_color=&#8221;#000a09&#8243; button_border_width=&#8221;0px&#8221; button_border_radius=&#8221;0px&#8221; button_letter_spacing=&#8221;2px&#8221; button_font=&#8221;|700||on|||||&#8221; button_use_icon=&#8221;off&#8221; custom_margin=&#8221;0px||30px||false|false&#8221; custom_margin_phone=&#8221;||60px||false|false&#8221; custom_margin_last_edited=&#8221;off|tablet&#8221; custom_padding=&#8221;10px|25px|10px|25px|true|true&#8221; hover_enabled=&#8221;0&#8243; locked=&#8221;off&#8221; global_colors_info=&#8221;{}&#8221; button_text_color__hover_enabled=&#8221;on|hover&#8221; button_text_color__hover=&#8221;#FFFFFF&#8221; button_bg_color__hover_enabled=&#8221;on|hover&#8221; button_bg_color__hover=&#8221;rgba(145,87,0,0.78)&#8221; button_bg_enable_color__hover=&#8221;on&#8221; sticky_enabled=&#8221;0&#8243;][\/et_pb_button][\/et_pb_column][et_pb_column type=&#8221;1_3&#8243; _builder_version=&#8221;4.20.0&#8243; _module_preset=&#8221;default&#8221; global_colors_info=&#8221;{}&#8221;][et_pb_icon font_icon=&#8221;&#xe00b;||divi||400&#8243; icon_color=&#8221;#000000&#8243; icon_width=&#8221;46px&#8221; _builder_version=&#8221;4.21.0&#8243; _module_preset=&#8221;default&#8221; global_colors_info=&#8221;{}&#8221;][\/et_pb_icon][et_pb_text _builder_version=&#8221;4.21.0&#8243; _module_preset=&#8221;1b47c63f-8114-44d3-97ad-47d1b6c1cf74&#8243; header_5_text_color=&#8221;#000000&#8243; text_orientation=&#8221;right&#8221; custom_margin=&#8221;||0px||false|false&#8221; text_orientation_tablet=&#8221;center&#8221; text_orientation_phone=&#8221;&#8221; text_orientation_last_edited=&#8221;on|tablet&#8221; global_colors_info=&#8221;{}&#8221;]<\/p>\n<h5 style=\"text-align: center;\">TELEFON<\/h5>\n<p>[\/et_pb_text][et_pb_text _builder_version=&#8221;4.21.0&#8243; _module_preset=&#8221;4a424fbf-5bd6-495e-adb9-cc9454646b87&#8243; link_text_color=&#8221;gcid-e6f8585f-043d-4f05-ad96-fb05b9e45208&#8243; text_orientation=&#8221;right&#8221; text_orientation_tablet=&#8221;center&#8221; text_orientation_phone=&#8221;&#8221; text_orientation_last_edited=&#8221;on|tablet&#8221; global_colors_info=&#8221;{%22gcid-e6f8585f-043d-4f05-ad96-fb05b9e45208%22:%91%22link_text_color%22%93}&#8221;]<\/p>\n<p style=\"text-align: center;\"><a href=\"tel:+38641369633\">+386 41 369 633 (Peter)<\/a><\/p>\n<p style=\"text-align: center;\"><a href=\"tel:+38631200111\">+386 31 200 111 (Bo\u017ea)<\/a><\/p>\n<p>[\/et_pb_text][\/et_pb_column][\/et_pb_row][\/et_pb_section]<\/p>","protected":false},"excerpt":{"rendered":"<p>PETROVI | SVETI MARTIN\u00a0 | BRJE5 GENERACIJ &nbsp;NEKO\u010cTradicija &#8230; Pri Petrovih se re\u010de pri hi\u0161i, saj je bil Peter Stegovec prvi, ki je okoli leta 1880 pri Svetem Martinu kupil posest in za\u010del dru\u017einsko tradicijo vinogradni\u0161tva in vinarstva na zdaj\u0161nji lokaciji. Bil je razgledan gospod, ki je imel \u017ee konec 19. stoletja v rokah dovoljenje [&hellip;]<\/p>","protected":false},"author":2,"featured_media":0,"parent":0,"menu_order":0,"comment_status":"closed","ping_status":"closed","template":"","meta":{"_et_pb_use_builder":"on","_et_pb_old_content":"","_et_gb_content_width":"","footnotes":""},"class_list":["post-160","page","type-page","status-publish","hentry"],"yoast_head":"<!-- This site is optimized with the Yoast SEO plugin v25.3.1 - https:\/\/yoast.com\/wordpress\/plugins\/seo\/ -->\n<title>TRADICIJA - Vina Sveti Martin<\/title>\n<meta name=\"description\" content=\"Tradicija, ki se prena\u0161a \u017ee 5 generacij. Vse se je za\u010delo let 1880, ko je Peter Stegovec kupil prvi ko\u0161\u010dek zamlje na zdaj\u0161nji lokaciji.\" \/>\n<meta name=\"robots\" content=\"index, follow, max-snippet:-1, max-image-preview:large, max-video-preview:-1\" \/>\n<link rel=\"canonical\" href=\"https:\/\/vinasvetimartin.si\/de\/tradicija\/\" \/>\n<meta property=\"og:locale\" content=\"de_DE\" \/>\n<meta property=\"og:type\" content=\"article\" \/>\n<meta property=\"og:title\" content=\"TRADICIJA - Vina Sveti Martin\" \/>\n<meta property=\"og:description\" content=\"Tradicija, ki se prena\u0161a \u017ee 5 generacij. Vse se je za\u010delo let 1880, ko je Peter Stegovec kupil prvi ko\u0161\u010dek zamlje na zdaj\u0161nji lokaciji.\" \/>\n<meta property=\"og:url\" content=\"https:\/\/vinasvetimartin.si\/de\/tradicija\/\" \/>\n<meta property=\"og:site_name\" content=\"Vina Sveti Martin\" \/>\n<meta property=\"article:modified_time\" content=\"2024-03-11T11:38:05+00:00\" \/>\n<meta name=\"twitter:card\" content=\"summary_large_image\" \/>\n<meta name=\"twitter:label1\" content=\"Gesch\u00e4tzte Lesezeit\" \/>\n\t<meta name=\"twitter:data1\" content=\"3\u00a0Minuten\" \/>\n<script type=\"application\/ld+json\" class=\"yoast-schema-graph\">{\"@context\":\"https:\/\/schema.org\",\"@graph\":[{\"@type\":\"WebPage\",\"@id\":\"https:\/\/vinasvetimartin.si\/tradicija\/\",\"url\":\"https:\/\/vinasvetimartin.si\/tradicija\/\",\"name\":\"TRADICIJA - Vina Sveti Martin\",\"isPartOf\":{\"@id\":\"https:\/\/vinasvetimartin.si\/#website\"},\"datePublished\":\"2023-05-10T13:30:33+00:00\",\"dateModified\":\"2024-03-11T11:38:05+00:00\",\"description\":\"Tradicija, ki se prena\u0161a \u017ee 5 generacij. Vse se je za\u010delo let 1880, ko je Peter Stegovec kupil prvi ko\u0161\u010dek zamlje na zdaj\u0161nji lokaciji.\",\"breadcrumb\":{\"@id\":\"https:\/\/vinasvetimartin.si\/tradicija\/#breadcrumb\"},\"inLanguage\":\"de\",\"potentialAction\":[{\"@type\":\"ReadAction\",\"target\":[\"https:\/\/vinasvetimartin.si\/tradicija\/\"]}]},{\"@type\":\"BreadcrumbList\",\"@id\":\"https:\/\/vinasvetimartin.si\/tradicija\/#breadcrumb\",\"itemListElement\":[{\"@type\":\"ListItem\",\"position\":1,\"name\":\"Home\",\"item\":\"https:\/\/vinasvetimartin.si\/\"},{\"@type\":\"ListItem\",\"position\":2,\"name\":\"TRADICIJA\"}]},{\"@type\":\"WebSite\",\"@id\":\"https:\/\/vinasvetimartin.si\/#website\",\"url\":\"https:\/\/vinasvetimartin.si\/\",\"name\":\"Vina Sveti Martin\",\"description\":\"Vina Sveti Martin Vipavska Dolina\",\"publisher\":{\"@id\":\"https:\/\/vinasvetimartin.si\/#\/schema\/person\/648823e76f4d66b7e50b608d7f56dc4d\"},\"potentialAction\":[{\"@type\":\"SearchAction\",\"target\":{\"@type\":\"EntryPoint\",\"urlTemplate\":\"https:\/\/vinasvetimartin.si\/?s={search_term_string}\"},\"query-input\":{\"@type\":\"PropertyValueSpecification\",\"valueRequired\":true,\"valueName\":\"search_term_string\"}}],\"inLanguage\":\"de\"},{\"@type\":[\"Person\",\"Organization\"],\"@id\":\"https:\/\/vinasvetimartin.si\/#\/schema\/person\/648823e76f4d66b7e50b608d7f56dc4d\",\"name\":\"Admin\",\"image\":{\"@type\":\"ImageObject\",\"inLanguage\":\"de\",\"@id\":\"https:\/\/vinasvetimartin.si\/#\/schema\/person\/image\/\",\"url\":\"https:\/\/vinasvetimartin.si\/wp-content\/uploads\/2023\/07\/Sveti-martin-logo.png\",\"contentUrl\":\"https:\/\/vinasvetimartin.si\/wp-content\/uploads\/2023\/07\/Sveti-martin-logo.png\",\"width\":500,\"height\":500,\"caption\":\"Admin\"},\"logo\":{\"@id\":\"https:\/\/vinasvetimartin.si\/#\/schema\/person\/image\/\"},\"sameAs\":[\"http:\/\/localhost\/wordpress\/wordpress\"]}]}<\/script>\n<!-- \/ Yoast SEO plugin. -->","yoast_head_json":{"title":"TRADICIJA - Vina Sveti Martin","description":"Tradicija, ki se prena\u0161a \u017ee 5 generacij. Vse se je za\u010delo let 1880, ko je Peter Stegovec kupil prvi ko\u0161\u010dek zamlje na zdaj\u0161nji lokaciji.","robots":{"index":"index","follow":"follow","max-snippet":"max-snippet:-1","max-image-preview":"max-image-preview:large","max-video-preview":"max-video-preview:-1"},"canonical":"https:\/\/vinasvetimartin.si\/de\/tradicija\/","og_locale":"de_DE","og_type":"article","og_title":"TRADICIJA - Vina Sveti Martin","og_description":"Tradicija, ki se prena\u0161a \u017ee 5 generacij. Vse se je za\u010delo let 1880, ko je Peter Stegovec kupil prvi ko\u0161\u010dek zamlje na zdaj\u0161nji lokaciji.","og_url":"https:\/\/vinasvetimartin.si\/de\/tradicija\/","og_site_name":"Vina Sveti Martin","article_modified_time":"2024-03-11T11:38:05+00:00","twitter_card":"summary_large_image","twitter_misc":{"Gesch\u00e4tzte Lesezeit":"3\u00a0Minuten"},"schema":{"@context":"https:\/\/schema.org","@graph":[{"@type":"WebPage","@id":"https:\/\/vinasvetimartin.si\/tradicija\/","url":"https:\/\/vinasvetimartin.si\/tradicija\/","name":"TRADICIJA - Vina Sveti Martin","isPartOf":{"@id":"https:\/\/vinasvetimartin.si\/#website"},"datePublished":"2023-05-10T13:30:33+00:00","dateModified":"2024-03-11T11:38:05+00:00","description":"Tradicija, ki se prena\u0161a \u017ee 5 generacij. Vse se je za\u010delo let 1880, ko je Peter Stegovec kupil prvi ko\u0161\u010dek zamlje na zdaj\u0161nji lokaciji.","breadcrumb":{"@id":"https:\/\/vinasvetimartin.si\/tradicija\/#breadcrumb"},"inLanguage":"de","potentialAction":[{"@type":"ReadAction","target":["https:\/\/vinasvetimartin.si\/tradicija\/"]}]},{"@type":"BreadcrumbList","@id":"https:\/\/vinasvetimartin.si\/tradicija\/#breadcrumb","itemListElement":[{"@type":"ListItem","position":1,"name":"Home","item":"https:\/\/vinasvetimartin.si\/"},{"@type":"ListItem","position":2,"name":"TRADICIJA"}]},{"@type":"WebSite","@id":"https:\/\/vinasvetimartin.si\/#website","url":"https:\/\/vinasvetimartin.si\/","name":"Vina Sveti Martin","description":"Vina Sveti Martin Vipavska Dolina","publisher":{"@id":"https:\/\/vinasvetimartin.si\/#\/schema\/person\/648823e76f4d66b7e50b608d7f56dc4d"},"potentialAction":[{"@type":"SearchAction","target":{"@type":"EntryPoint","urlTemplate":"https:\/\/vinasvetimartin.si\/?s={search_term_string}"},"query-input":{"@type":"PropertyValueSpecification","valueRequired":true,"valueName":"search_term_string"}}],"inLanguage":"de"},{"@type":["Person","Organization"],"@id":"https:\/\/vinasvetimartin.si\/#\/schema\/person\/648823e76f4d66b7e50b608d7f56dc4d","name":"Admin","image":{"@type":"ImageObject","inLanguage":"de","@id":"https:\/\/vinasvetimartin.si\/#\/schema\/person\/image\/","url":"https:\/\/vinasvetimartin.si\/wp-content\/uploads\/2023\/07\/Sveti-martin-logo.png","contentUrl":"https:\/\/vinasvetimartin.si\/wp-content\/uploads\/2023\/07\/Sveti-martin-logo.png","width":500,"height":500,"caption":"Admin"},"logo":{"@id":"https:\/\/vinasvetimartin.si\/#\/schema\/person\/image\/"},"sameAs":["http:\/\/localhost\/wordpress\/wordpress"]}]}},"_links":{"self":[{"href":"https:\/\/vinasvetimartin.si\/de\/wp-json\/wp\/v2\/pages\/160","targetHints":{"allow":["GET"]}}],"collection":[{"href":"https:\/\/vinasvetimartin.si\/de\/wp-json\/wp\/v2\/pages"}],"about":[{"href":"https:\/\/vinasvetimartin.si\/de\/wp-json\/wp\/v2\/types\/page"}],"author":[{"embeddable":true,"href":"https:\/\/vinasvetimartin.si\/de\/wp-json\/wp\/v2\/users\/2"}],"replies":[{"embeddable":true,"href":"https:\/\/vinasvetimartin.si\/de\/wp-json\/wp\/v2\/comments?post=160"}],"version-history":[{"count":33,"href":"https:\/\/vinasvetimartin.si\/de\/wp-json\/wp\/v2\/pages\/160\/revisions"}],"predecessor-version":[{"id":853,"href":"https:\/\/vinasvetimartin.si\/de\/wp-json\/wp\/v2\/pages\/160\/revisions\/853"}],"wp:attachment":[{"href":"https:\/\/vinasvetimartin.si\/de\/wp-json\/wp\/v2\/media?parent=160"}],"curies":[{"name":"wp","href":"https:\/\/api.w.org\/{rel}","templated":true}]}}